{"id":115,"date":"2020-06-09T21:40:58","date_gmt":"2020-06-10T02:40:58","guid":{"rendered":"http:\/\/davecorp.biz\/?page_id=115"},"modified":"2020-06-30T11:35:26","modified_gmt":"2020-06-30T16:35:26","slug":"nosotros","status":"publish","type":"page","link":"https:\/\/davecorp.biz\/index.php\/nosotros\/","title":{"rendered":"Nosotros"},"content":{"rendered":"\t\t<div data-elementor-type=\"wp-page\" data-elementor-id=\"115\" class=\"elementor elementor-115\">\n\t\t\t\t\t\t<section class=\"elementor-section elementor-top-section elementor-element elementor-element-7a092aa elementor-section-boxed elementor-section-height-default elementor-section-height-default\" data-id=\"7a092aa\" data-element_type=\"section\" data-settings=\"{&quot;background_background&quot;:&quot;classic&quot;}\">\n\t\t\t\t\t\t\t<div class=\"elementor-background-overlay\"><\/div>\n\t\t\t\t\t\t\t<div class=\"elementor-container elementor-column-gap-no\">\n\t\t\t\t\t<div class=\"elementor-column elementor-col-50 elementor-top-column elementor-element elementor-element-2792c30b\" data-id=\"2792c30b\" data-element_type=\"column\">\n\t\t\t<div class=\"elementor-widget-wrap elementor-element-populated\">\n\t\t\t\t\t\t<div class=\"elementor-element elementor-element-7bb99c0e elementor-widget elementor-widget-heading\" data-id=\"7bb99c0e\" data-element_type=\"widget\" data-widget_type=\"heading.default\">\n\t\t\t\t<div class=\"elementor-widget-container\">\n\t\t\t\t\t<h2 class=\"elementor-heading-title elementor-size-default\"><h1 style=\"font-size: 2.66667rem; font-style: normal; font-family: -apple-system, BlinkMacSystemFont, &quot;Segoe UI&quot;, Roboto, Oxygen-Sans, Ubuntu, Cantarell, &quot;Helvetica Neue&quot;, sans-serif; white-space: normal; text-align: center;\">Acerca de Nosotros<\/h1><\/h2>\t\t\t\t<\/div>\n\t\t\t\t<\/div>\n\t\t\t\t<div class=\"elementor-element elementor-element-d5148db elementor-widget elementor-widget-text-editor\" data-id=\"d5148db\" data-element_type=\"widget\" data-widget_type=\"text-editor.default\">\n\t\t\t\t<div class=\"elementor-widget-container\">\n\t\t\t\t\t\t\t\t\t<p style=\"text-align: justify; background: white; vertical-align: baseline; margin: 0cm 0cm 19.2pt 0cm;\"><span style=\"font-family: 'Arial',sans-serif; color: black;\">En 1986 se crea AVVE CIA. LTDA.,\u00a0 liderada por Aparicio Vega Egas, quien ha dedicado m\u00e1s de 30 a\u00f1os a brindar servicios de Log\u00edstica y Aduana.<\/span><\/p><p style=\"text-align: justify; background: white; vertical-align: baseline; box-sizing: border-box; outline: 0px; font-variant-ligatures: normal; font-variant-caps: normal; orphans: 2; widows: 2; -webkit-text-stroke-width: 0px; text-decoration-style: initial; text-decoration-color: initial; word-spacing: 0px; margin: 0cm 0cm 19.2pt 0cm;\"><span style=\"font-family: 'Arial',sans-serif; color: black;\">Danny Vega Cornejo obtuvo su licencia de Agente Nacional en 1994 y hasta el 2001 comparte la Direcci\u00f3n de ALAIRE CIA. LTDA., junto a su padre en Quito.<\/span><\/p><p style=\"text-align: justify; background: white; vertical-align: baseline; box-sizing: border-box; outline: 0px; font-variant-ligatures: normal; font-variant-caps: normal; orphans: 2; widows: 2; -webkit-text-stroke-width: 0px; text-decoration-style: initial; text-decoration-color: initial; word-spacing: 0px; margin: 0cm 0cm 19.2pt 0cm;\"><span style=\"font-family: 'Arial',sans-serif; color: black;\">A partir de ese a\u00f1o, Danny deja su ciudad natal para comenzar un per\u00edodo de expansi\u00f3n y as\u00ed posicionarse esta vez en Guayaquil, ciudad que alberga el principal puerto mar\u00edtimo de Ecuador. Desde ah\u00ed ha brindado asesoramiento y ha realizado procesos aduaneros de importaci\u00f3n y exportaci\u00f3n para grandes empresas, servicio que ha generado un crecimiento sostenido durante los \u00faltimos a\u00f1os.<\/span><\/p><p style=\"text-align: justify; background: white; vertical-align: baseline; box-sizing: border-box; outline: 0px; font-variant-ligatures: normal; font-variant-caps: normal; orphans: 2; widows: 2; -webkit-text-stroke-width: 0px; text-decoration-style: initial; text-decoration-color: initial; word-spacing: 0px; margin: 0cm 0cm 19.2pt 0cm;\"><span style=\"font-family: 'Arial',sans-serif; color: black;\">Uniendo su trabajo y esfuerzo, DAVECORP y ALAIRE CIA. LTDA., forman un grupo empresarial familiar, que sin lugar a dudas, se proyecta como l\u00edder en servicios aduaneros y log\u00edsticos.\u00a0 Sus 30 a\u00f1os de experiencia en despachos aduaneros, un equipo conformado por m\u00e1s de 40 ejecutivos profesionales, una flota de veh\u00edculos para transporte de mercanc\u00edas, sus oficinas ubicadas en las ciudades m\u00e1s importantes del pa\u00eds, y sobre todo una cartera de clientes satisfechos, avalan la excelencia\u00a0 y profesionalismo del servicio que con certeza podemos brindarle.<\/span><\/p>\t\t\t\t\t\t\t\t<\/div>\n\t\t\t\t<\/div>\n\t\t\t\t<div class=\"elementor-element elementor-element-3c238514 elementor-tablet-align-center elementor-mobile-align-left elementor-icon-list--layout-traditional elementor-list-item-link-full_width elementor-widget elementor-widget-icon-list\" data-id=\"3c238514\" data-element_type=\"widget\" data-widget_type=\"icon-list.default\">\n\t\t\t\t<div class=\"elementor-widget-container\">\n\t\t\t\t\t\t\t<ul class=\"elementor-icon-list-items\">\n\t\t\t\t\t\t\t<li class=\"elementor-icon-list-item\">\n\t\t\t\t\t\t\t\t\t\t\t<span class=\"elementor-icon-list-icon\">\n\t\t\t\t\t\t\t<i aria-hidden=\"true\" class=\"fas fa-map-marker-alt\"><\/i>\t\t\t\t\t\t<\/span>\n\t\t\t\t\t\t\t\t\t\t<span class=\"elementor-icon-list-text\">Ciudad del R\u00edo, edificio The Point, piso 29, oficina 2901<\/span>\n\t\t\t\t\t\t\t\t\t<\/li>\n\t\t\t\t\t\t\t\t<li class=\"elementor-icon-list-item\">\n\t\t\t\t\t\t\t\t\t\t\t<a href=\"mailto:dvega@davecorp.biz\">\n\n\t\t\t\t\t\t\t\t\t\t\t\t<span class=\"elementor-icon-list-icon\">\n\t\t\t\t\t\t\t<i aria-hidden=\"true\" class=\"far fa-envelope\"><\/i>\t\t\t\t\t\t<\/span>\n\t\t\t\t\t\t\t\t\t\t<span class=\"elementor-icon-list-text\">dvega@davecorp.biz<\/span>\n\t\t\t\t\t\t\t\t\t\t\t<\/a>\n\t\t\t\t\t\t\t\t\t<\/li>\n\t\t\t\t\t\t\t\t<li class=\"elementor-icon-list-item\">\n\t\t\t\t\t\t\t\t\t\t\t<span class=\"elementor-icon-list-icon\">\n\t\t\t\t\t\t\t<i aria-hidden=\"true\" class=\"fas fa-mobile-alt\"><\/i>\t\t\t\t\t\t<\/span>\n\t\t\t\t\t\t\t\t\t\t<span class=\"elementor-icon-list-text\">+593 99 949 5696<\/span>\n\t\t\t\t\t\t\t\t\t<\/li>\n\t\t\t\t\t\t<\/ul>\n\t\t\t\t\t\t<\/div>\n\t\t\t\t<\/div>\n\t\t\t\t\t<\/div>\n\t\t<\/div>\n\t\t\t\t<div class=\"elementor-column elementor-col-50 elementor-top-column elementor-element elementor-element-85dbcab\" data-id=\"85dbcab\" data-element_type=\"column\" data-settings=\"{&quot;background_background&quot;:&quot;classic&quot;}\">\n\t\t\t<div class=\"elementor-widget-wrap elementor-element-populated\">\n\t\t\t\t\t<div class=\"elementor-background-overlay\"><\/div>\n\t\t\t\t\t\t<div class=\"elementor-element elementor-element-fe0417a elementor-invisible elementor-widget elementor-widget-spacer\" data-id=\"fe0417a\" data-element_type=\"widget\" data-settings=\"{&quot;_animation&quot;:&quot;fadeIn&quot;}\" data-widget_type=\"spacer.default\">\n\t\t\t\t<div class=\"elementor-widget-container\">\n\t\t\t\t\t\t\t<div class=\"elementor-spacer\">\n\t\t\t<div class=\"elementor-spacer-inner\"><\/div>\n\t\t<\/div>\n\t\t\t\t\t\t<\/div>\n\t\t\t\t<\/div>\n\t\t\t\t\t<\/div>\n\t\t<\/div>\n\t\t\t\t\t<\/div>\n\t\t<\/section>\n\t\t\t\t<\/div>\n\t\t","protected":false},"excerpt":{"rendered":"<p>Acerca de Nosotros En 1986 se crea AVVE CIA. LTDA.,\u00a0 liderada por Aparicio Vega Egas, quien ha dedicado m\u00e1s de 30 a\u00f1os a brindar servicios de Log\u00edstica y Aduana. Danny Vega Cornejo obtuvo su licencia de Agente Nacional en 1994 y hasta el 2001 comparte la Direcci\u00f3n de ALAIRE CIA. LTDA., junto a su padre &hellip;<\/p>\n<p class=\"read-more\"> <a class=\"\" href=\"https:\/\/davecorp.biz\/index.php\/nosotros\/\"> <span class=\"screen-reader-text\">Nosotros<\/span> Leer m\u00e1s &raquo;<\/a><\/p>\n","protected":false},"author":1,"featured_media":0,"parent":0,"menu_order":2,"comment_status":"closed","ping_status":"closed","template":"","meta":{"inline_featured_image":false,"site-sidebar-layout":"no-sidebar","site-content-layout":"page-builder","ast-global-header-display":"","ast-main-header-display":"","ast-hfb-above-header-display":"","ast-hfb-below-header-display":"","ast-hfb-mobile-header-display":"","site-post-title":"disabled","ast-breadcrumbs-content":"","ast-featured-img":"","footer-sml-layout":"","theme-transparent-header-meta":"enabled","adv-header-id-meta":"","stick-header-meta":"","header-above-stick-meta":"","header-main-stick-meta":"","header-below-stick-meta":"","footnotes":""},"_links":{"self":[{"href":"https:\/\/davecorp.biz\/index.php\/wp-json\/wp\/v2\/pages\/115"}],"collection":[{"href":"https:\/\/davecorp.biz\/index.php\/wp-json\/wp\/v2\/pages"}],"about":[{"href":"https:\/\/davecorp.biz\/index.php\/wp-json\/wp\/v2\/types\/page"}],"author":[{"embeddable":true,"href":"https:\/\/davecorp.biz\/index.php\/wp-json\/wp\/v2\/users\/1"}],"replies":[{"embeddable":true,"href":"https:\/\/davecorp.biz\/index.php\/wp-json\/wp\/v2\/comments?post=115"}],"version-history":[{"count":61,"href":"https:\/\/davecorp.biz\/index.php\/wp-json\/wp\/v2\/pages\/115\/revisions"}],"predecessor-version":[{"id":959,"href":"https:\/\/davecorp.biz\/index.php\/wp-json\/wp\/v2\/pages\/115\/revisions\/959"}],"wp:attachment":[{"href":"https:\/\/davecorp.biz\/index.php\/wp-json\/wp\/v2\/media?parent=115"}],"curies":[{"name":"wp","href":"https:\/\/api.w.org\/{rel}","templated":true}]}}